{"id":53,"date":"2016-09-23T15:05:09","date_gmt":"2016-09-23T15:05:09","guid":{"rendered":"https:\/\/wordpress.elsi-interchange.org\/?page_id=53"},"modified":"2023-09-20T19:02:53","modified_gmt":"2023-09-20T19:02:53","slug":"publications","status":"publish","type":"page","link":"https:\/\/wordpress.elsi-interchange.org\/index.php\/publications\/","title":{"rendered":"Publications"},"content":{"rendered":"<h3 style=\"text-align: center;\">ELSI Publications<\/h3>\n<ol>\n<li>V. W.-z. Yu, C. Campos, W. Dawson, A. Garc\u00eda, V. Havu, B. Hourahine, W. P. Huhn, M. Jacquelin, W. Jia, M. Ke\u00e7eli, R. Laasner, Y. Li, L. Lin, J. Lu, J. Moussa, J. E. Roman, \u00c1. V\u00e1zquez-Mayagoitia, C. Yang, and V. Blum, <em><a href=\"https:\/\/doi.org\/10.1016\/j.cpc.2020.107459\">ELSI &#8211; An Open Infrastructure for Electronic Structure Solvers<\/a>, <\/em>Computer Physics Communications <strong>256<\/strong> (2020), 107459. [<a href=\"https:\/\/arxiv.org\/abs\/1912.13403\">preprint<\/a>]<\/li>\n<li>V. W.-z. Yu, F. Corsetti, A. Garc\u00eda, W. P. Huhn, M. Jacquelin, W. Jia, B. Lange, L. Lin, J. Lu, W. Mi, A. Seifitokaldani, \u00c1. V\u00e1zquez-Mayagoitia, C. Yang, H. Yang, and V. Blum, <a href=\"http:\/\/dx.doi.org\/10.1016\/j.cpc.2017.09.007\"><em>ELSI: A Unified Software Interface for Kohn-Sham Electronic Structure Solvers<\/em><\/a>, Computer Physics Communications <strong>222<\/strong> (2018), 267-285. [<a href=\"https:\/\/arxiv.org\/abs\/1705.11191\">preprint<\/a>]<\/li>\n<\/ol>\n<hr \/>\n<h3 style=\"text-align: center;\">ELSI in Electronic Structure Code Projects<\/h3>\n<ol>\n<li>M. J. T. Oliveira, N. Papior, Y. Pouillon, V. Blum, E. Artacho, D. Caliste, F. Corsetti, S. de Gironcoli, A. M. Elena, A. Garc\u00eda, V. M. Garc\u00eda-Su\u00e1rez, L. Genovese, W. P. Huhn, G. Huhs, S. Kokott, E. K\u00fc\u00e7\u00fckbenli, A. H. Larsen, A. Lazzaro, I. V. Lebedeva, Y. Li, D. L\u00f3pez-Dur\u00e1n, P. L\u00f3pez-Tarifa, M. L\u00fcders, M. A. L. Marques, J. Minar, S. Mohr, A. A. Mostof, A. O&#8217;Cais, M. C. Payne, T. Ruh, D. G. A. Smith, J. M. Soler, D. A. Strubbe, N. Tancogne-Dejean, D. Tildesley, M. Torrent, and V. W.-z. Yu, <a href=\"https:\/\/doi.org\/10.1063\/5.0012901\"><em>The CECAM Electronic Structure Library<\/em><\/a>, The Journal of Chemical Physics <strong>153<\/strong> (2020), 024117.<\/li>\n<li>A. Garc\u00eda, N. Papior, A. Akhtar, E. Artacho, V. Blum, E. Bosoni, P. Brandimarte, M. Brandbyge, J. I. Cerd\u00e1, F. Corsetti, R. Cuadrado, V. Dikan, J.Ferrer, J. Gale, P. Garc\u00eda-Fern\u00e1ndez, V. M. Garc\u00eda-Su\u00e1rez, S. Garc\u00eda, G. Huhs, S. Illera, R. Koryt\u00e1r, P. Koval, I. Lebedeva, L. Lin, P. L\u00f3pez-Tarifa, S. G. Mayo, S. Mohr, P. Ordej\u00f3n, A. Postnikov, Y. Pouillon, M. Pruneda, R. Robles, D. S\u00e1nchez-Portal, J. M. Soler, R. Ullah, V. W.-z. Yu, and J. Junquera, <a href=\"https:\/\/doi.org\/10.1063\/5.0005077\"><em>Siesta: Recent Developments and Applications<\/em><\/a>, The Journal of Chemical Physics <strong>152<\/strong> (2020), 204108.<\/li>\n<li>B. Hourahine, B. Aradi, V. Blum, F. Bonafe, A. Buccheri, C. Camacho, C. Cevallos, M. Y. Deshaye, T. Dumitrica, A. Dominguez, S. Ehlert, M. Elstner, T. van der Heide, J. Hermann, S. Irle, J. J. Kranz, C. K\u00f6hler, T. Kowalczyk, T. Kubar, I. S. Lee, V. Lutsker, R. J. Maurer, S. K. Min, I. Mitchell, C. Negre, T. A. Niehaus, A. M. N. Niklasson, A. J. Page, A. Pecchia, G. Penazzi, M. P. Persson, J. Rezac, C. G. Sanchez, M. Sternberg, M. St\u00f6hr, F. Stuckenberg, A. Tkatchenko, V. W.-z. Yu, and T. Frauenheim, <em><a href=\"https:\/\/doi.org\/10.1063\/1.5143190\">DFTB+, a Software Package for Efficient Approximate Density Functional Theory Based Atomistic Simulations<\/a>, <\/em>The Journal of Chemical Physics <strong>152<\/strong> (2020), 124101.<\/li>\n<\/ol>\n<hr \/>\n<h3 style=\"text-align: center;\">\u00a0ELPA References<\/h3>\n<ol>\n<li>V. W.-z. Yu, J. Moussa, P. K\u016fs, A. Marek, P. Messmer, M. Yoon, H. Lederer, and V. Blum, <a href=\"https:\/\/doi.org\/10.1016\/j.cpc.2020.107808\"><em>GPU-Acceleration of the ELPA2 Distributed Eigensolver for Dense Symmetric and Hermitian Eigenproblems<\/em><\/a>,\u00a0Computer Physics Communications <strong>262<\/strong> (2021), 107808. <span class=\"s1\">[<a href=\"https:\/\/arxiv.org\/abs\/2002.10991\">preprint<\/a>]<\/span><\/li>\n<li>P. K\u016fs, A. Marek, S.S. K\u00f6cher, H.-H. Kowals<span class=\"s2\">ki,<\/span><span class=\"s1\"> C. Carbogno, Ch. Scheurer, K. Reuter, M. Scheff<\/span><span class=\"s3\">l<\/span><span class=\"s1\">er, and H. Lederer<\/span>, <em><a href=\"http:\/\/doi.org\/10.1016\/j.parco.2019.04.003\">Optimizations of the Eigensolvers in the ELPA Library<\/a><\/em>, Parallel Computing <strong>85<\/strong> (2019), 167-177.<\/li>\n<li><span class=\"nowrap\">A. Marek<\/span>,\u00a0<span class=\"nowrap\">V. Blum<\/span>,\u00a0<span class=\"nowrap\">R. Johanni<\/span>,\u00a0<span class=\"nowrap\">V. Havu<\/span>,\u00a0<span class=\"nowrap\">B. Lang<\/span>,\u00a0<span class=\"nowrap\">T. Auckenthaler<\/span>,\u00a0<span class=\"nowrap\">A. Heinecke<\/span>,\u00a0<span class=\"nowrap\">H.-J. Bungartz<span style=\"font-size: 12px;\">,<\/span><\/span>\u00a0and\u00a0<span class=\"nowrap\">H. Lederer<\/span>, <em><a href=\"http:\/\/dx.doi.org\/10.1088\/0953-8984\/26\/21\/213201\">The ELPA Library: Scalable Parallel\u00a0Eigenvalue Solutions for Electronic Structure Theory and Computational Science<\/a><\/em>, Journal of Physics: Condensed Matter <strong>26<\/strong> (2014), 213201.<\/li>\n<li>T. Auckenthaler, V. Blum, <span class=\"nowrap\">H.-J. Bungartz, T. Huckle, R. Johanni, L. Kr\u00e4mer, B. Lang, H. Lederer, and P. R. Willems<\/span>, <em><a href=\"http:\/\/dx.doi.org\/10.1016\/j.parco.2011.05.002\">Parallel Solution of Partial Symmetric\u00a0Eigenvalue Problems from Electronic Structure Calculations<\/a><\/em>, Parallel Computing <strong>37<\/strong> (2011), 783-794.<\/li>\n<\/ol>\n<hr \/>\n<h3 style=\"text-align: center;\">ChASE References<\/h3>\n<ol>\n<li>J. Winkelmann, P. Springer, and E. Di Napoli, <em><a href=\"https:\/\/dx.doi.org\/10.1145\/3313828\">ChASE: a Chebyshev Accelerated Subspace iteration Eigensolver for sequences of Hermitian eigenvalue problems<\/a><\/em>, ACM Transaction on Mathematical Software, <strong>45<\/strong> Num.2, Art.21, (2019). DOI:10.1145\/3313828, [arXiv:1805.10121]<\/li>\n<li>M. Berljafa, D. Wortmann, and E. Di Napoli, <em><a href=\"https:\/\/dx.doi.org\/10.1002\/cpe.3394\">An Optimized and Scalable Eigensolver for Sequences of Eigenvalue Problems<\/a><\/em>, Concurrency &amp; Computation: Practice and Experience <strong>27<\/strong> (2015), pp. 905-922. DOI:10.1002\/cpe.3394, [arXiv:1404.4161].<\/li>\n<li>X. Zhang, S. Achilles, J. Winkelmann, R. Haas, A. Schleife, E. Di Napoli, <em><a href=\"https:\/\/dx.doi.org\/10.1016\/j.cpc.2021.108081\">Solving the Bethe-Salpeter equation on massively parallel architectures<\/a><\/em>, Comp. Phys. Comm. <strong>267<\/strong> (2021), 108081. DOI:10.1016\/j.cpc.2021.108081<\/li>\n<li>X. Wu, D. Davidovi\u0107, S. Achilles,E. Di Napoli, <em><a href=\"https:\/\/dx.doi.org\/10.1145\/3539781.3539792\">ChASE: a distributed hybrid CPU-GPU eigensolver for large-scale hermitian eigenvalue problems<\/a><\/em>, Proceedings of the Platform for Advanced Scientific Computing Conference (PASC22). DOI:10.1145\/3539781.3539792, [arXiv:2205.02491 ].<\/li>\n<\/ol>\n<hr \/>\n<h3 style=\"text-align: center;\">libOMM References<\/h3>\n<ol>\n<li>F. Corsetti, <em><a href=\"http:\/\/dx.doi.org\/10.1016\/j.cpc.2013.12.008\">The Orbital Minimization Method for Electronic Structure Calculations with Finite-Range Atomic Basis\u00a0Sets<\/a><\/em>, Computer Physics Communications <strong>185<\/strong> (2014), 873-883.<\/li>\n<\/ol>\n<hr \/>\n<h3 style=\"text-align: center;\">PEXSI References<\/h3>\n<ol>\n<li>M. Jacquelin, L. Lin, and C. Yang, <em><a href=\"https:\/\/doi.org\/10.1016\/j.parco.2017.11.009\">PSelInv &#8211; A Distributed Memory Parallel Algorithm for Selected Inversion: The Non-Symmetric Case<\/a><\/em>, Parallel Computing <strong>74<\/strong>\u00a0(2018), 84-98.<\/li>\n<li>W. Jia and L. Lin, <em><a href=\"http:\/\/dx.doi.org\/10.1063\/1.5000255\">Robust Determination of the Chemical Potential in the Pole Expansion and Selected Inversion Method for Solving Kohn-Sham Density Functional Theory<\/a><\/em>, The Journal of Chemical Physics <strong>147<\/strong> (2017), 144107.<\/li>\n<li>J. Moussa, <a href=\"https:\/\/doi.org\/10.1063\/1.4965886\"><em>Minimax Rational Approximation of the Fermi-Dirac Distribution<\/em><\/a>, The Journal of Chemical Physics <strong>145<\/strong> (2016), 164108.<\/li>\n<li>M. Jacquelin, L. Lin, and C. Yang, <em><a href=\"http:\/\/dx.doi.org\/10.1145\/2786977\">PSelInv &#8211; A Distributed Memory Parallel Algorithm for Selected Inversion: The Symmetric Case<\/a><\/em>, ACM Transactions on Mathematical Software <strong>43 <\/strong>(2016), 21-28.<\/li>\n<li>L. Lin, A. Garc\u00eda, G. Huhs, and C. Yang, <em><a href=\"http:\/\/dx.doi.org\/10.1088\/0953-8984\/26\/30\/305503\">SIESTA-PEXSI: Massively\u00a0Parallel Method for Efficient and Accurate Ab Initio Materials\u00a0Simulation without Matrix Diagonalization<\/a><\/em>, Journal of Physics: Condensed Matter <strong>26<\/strong> (2014), 305503.<\/li>\n<li>L. Lin, M. Chen, C. Yang, and L. He, <em><a href=\"http:\/\/dx.doi.org\/10.1088\/0953-8984\/25\/29\/295501\">Accelerating Atomic Orbital-Based Electronic Structure Calculation via Pole Expansion and Selected Inversion<\/a><\/em>, Journal of Physics: Condensed Matter <strong>25<\/strong> (2013), 295501.<br \/>\n<hr \/>\n<\/li>\n<\/ol>\n<h3 style=\"text-align: center;\">EigenExa References<\/h3>\n<ol>\n<li>T. Imamura, S. Yamada, and M. Machida, <a href=\"http:\/\/www.aesj.or.jp\/publication\/pnst002\/data\/643-650.pdf\"><em>Development of a High-Performance Eigensolver on a Peta-Scale Next-Generation Supercomputer System<\/em><\/a>, Progress in Nuclear Science and Technology <strong>2<\/strong> (2011), 643-650.<\/li>\n<\/ol>\n<hr \/>\n<h3 style=\"text-align: center;\">SLEPc-SIPs References<\/h3>\n<ol>\n<li>M. Ke\u00e7eli, F. Corsetti, C. Campos, J. E. Roman, H. Zhang, \u00c1. V\u00e1zquez-Mayagoitia, P. Zapol, and A. F. Wagner, <em><a href=\"https:\/\/doi.org\/10.1002\/jcc.25350\">SIESTA\u2010SIPs: Massively Parallel Spectrum-Slicing Eigensolver for an Ab Initio\u00a0Molecular Dynamics Package<\/a><\/em>, Journal of Computational Chemistry <strong>39<\/strong>\u00a0(2018), 1806-1814.<\/li>\n<li>M. Ke\u00e7eli, H. Zhang, P. Zapol, D. A. Dixon, and A. F. Wagner, <em><a href=\"http:\/\/dx.doi.org\/10.1002\/jcc.24254\">Shift-and-Invert Parallel Spectral Transformation Eigensolver: Massively Parallel Performance for Density-Functional Based Tight-Binding<\/a><\/em>, Journal of Computational Chemistry <strong>37<\/strong>\u00a0(2016), 448-459.<\/li>\n<li>C. Campos and J. E. Roman, <em><a href=\"http:\/\/dx.doi.org\/10.1007\/s11075-012-9564-z\">Strategies for Spectrum Slicing Based on Restarted Lanczos Methods<\/a><\/em>, Numerical Algorithms <strong>60<\/strong> (2012), 279-295.<\/li>\n<li>H. Zhang, B. Smith, M. Sternberg, and P. Zapol, <a href=\"http:\/\/dx.doi.org\/10.1145\/1236463.1236464\"><em>SIPs: Shift-and-Invert Parallel Spectral Transformations<\/em><\/a>, ACM Transactions on Mathematical Software <strong>33<\/strong>\u00a0(2007), 9.<br \/>\n<hr \/>\n<\/li>\n<\/ol>\n<h3 style=\"text-align: center;\">NTPoly References<\/h3>\n<ol>\n<li>W. Dawson and T. Nakajima, <a href=\"http:\/\/doi.org\/10.1016\/j.cpc.2017.12.010\"><em>Massively Parallel Sparse Matrix Function Calculations with NTPoly<\/em><\/a>, Computer Physics Communications <strong>225<\/strong>\u00a0(2018), 154-165.<\/li>\n<\/ol>\n<hr \/>\n<h3 style=\"text-align: center;\">BSEPACK References<\/h3>\n<ol>\n<li>M. Shao, F. H. de Jornada, C. Yang, J. Deslippe, and S. G. Louie, <em><a href=\"http:\/\/dx.doi.org\/10.1016\/j.laa.2015.09.036\" target=\"_blank\" rel=\"nofollow noopener noreferrer\">Structure Preserving Parallel Algorithms for Solving the Bethe\u2013Salpeter Eigenvalue Problem<\/a><\/em>, Linear Algebra and its Applications <strong>488<\/strong> (2016), 1481-67.<\/li>\n<\/ol>\n","protected":false},"excerpt":{"rendered":"<p>ELSI Publications V. W.-z. Yu, C. Campos, W. Dawson, A. Garc\u00eda, V. Havu, B. Hourahine, W. P. Huhn, M. Jacquelin, W. Jia, M. Ke\u00e7eli, R. Laasner, Y. Li, L. Lin, J. Lu,<a class=\"moretag\" href=\"https:\/\/wordpress.elsi-interchange.org\/index.php\/publications\/\">Read More&#8230;<\/a><\/p>\n","protected":false},"author":4,"featured_media":0,"parent":0,"menu_order":0,"comment_status":"closed","ping_status":"closed","template":"","meta":{"footnotes":""},"class_list":["post-53","page","type-page","status-publish","hentry"],"_links":{"self":[{"href":"https:\/\/wordpress.elsi-interchange.org\/index.php\/wp-json\/wp\/v2\/pages\/53","targetHints":{"allow":["GET"]}}],"collection":[{"href":"https:\/\/wordpress.elsi-interchange.org\/index.php\/wp-json\/wp\/v2\/pages"}],"about":[{"href":"https:\/\/wordpress.elsi-interchange.org\/index.php\/wp-json\/wp\/v2\/types\/page"}],"author":[{"embeddable":true,"href":"https:\/\/wordpress.elsi-interchange.org\/index.php\/wp-json\/wp\/v2\/users\/4"}],"replies":[{"embeddable":true,"href":"https:\/\/wordpress.elsi-interchange.org\/index.php\/wp-json\/wp\/v2\/comments?post=53"}],"version-history":[{"count":95,"href":"https:\/\/wordpress.elsi-interchange.org\/index.php\/wp-json\/wp\/v2\/pages\/53\/revisions"}],"predecessor-version":[{"id":1442,"href":"https:\/\/wordpress.elsi-interchange.org\/index.php\/wp-json\/wp\/v2\/pages\/53\/revisions\/1442"}],"wp:attachment":[{"href":"https:\/\/wordpress.elsi-interchange.org\/index.php\/wp-json\/wp\/v2\/media?parent=53"}],"curies":[{"name":"wp","href":"https:\/\/api.w.org\/{rel}","templated":true}]}}